{"id":220,"date":"2025-03-09T21:26:16","date_gmt":"2025-03-09T20:26:16","guid":{"rendered":"https:\/\/bazaarhotel.al\/?page_id=220"},"modified":"2025-08-24T11:52:52","modified_gmt":"2025-08-24T10:52:52","slug":"rooms","status":"publish","type":"page","link":"https:\/\/bazaarhotel.al\/sq\/rooms\/","title":{"rendered":"Dhomat"},"content":{"rendered":"<div data-elementor-type=\"wp-page\" data-elementor-id=\"220\" class=\"elementor elementor-220\" data-elementor-post-type=\"page\">\n\t\t\t\t<div class=\"elementor-element elementor-element-190e6cb e-flex e-con-boxed e-con e-parent\" data-id=\"190e6cb\" data-element_type=\"container\" data-e-type=\"container\">\n\t\t\t\t\t<div class=\"e-con-inner\">\n\t\t<div class=\"elementor-element elementor-element-67e895a e-con-full e-flex e-con e-child\" data-id=\"67e895a\" data-element_type=\"container\" data-e-type=\"container\">\n\t\t\t\t<div class=\"elementor-element elementor-element-d9958d4 elementor-widget elementor-widget-heading\" data-id=\"d9958d4\" data-element_type=\"widget\" data-e-type=\"widget\" data-widget_type=\"heading.default\">\n\t\t\t\t\t<h2 class=\"elementor-heading-title elementor-size-default\">Detaje gjer ne rrahje zemre<\/h2>\t\t\t\t<\/div>\n\t\t\t\t<div class=\"elementor-element elementor-element-b59b421 elementor-widget elementor-widget-text-editor\" data-id=\"b59b421\" data-element_type=\"widget\" data-e-type=\"widget\" data-widget_type=\"text-editor.default\">\n\t\t\t\t\t\t\t\t\t<p>Menduam t\u00eb sjellim detaje shqiptarie n\u00eb secil\u00ebn hap\u00ebsir\u00eb t\u00eb godin\u00ebs,p\u00ebr t\u00eb dh\u00ebn\u00eb ndjesi sht\u00ebpie dhe arom\u00eb patriotike.<\/p>\t\t\t\t\t\t\t\t<\/div>\n\t\t\t\t<\/div>\n\t\t<div class=\"elementor-element elementor-element-f47f433 e-con-full e-flex e-con e-child\" data-id=\"f47f433\" data-element_type=\"container\" data-e-type=\"container\">\n\t\t\t\t<div class=\"elementor-element elementor-element-5c9d8c3 elementor-widget elementor-widget-image\" data-id=\"5c9d8c3\" data-element_type=\"widget\" data-e-type=\"widget\" data-widget_type=\"image.default\">\n\t\t\t\t\t\t\t\t\t\t\t\t\t\t\t<img fetchpriority=\"high\" decoding=\"async\" width=\"551\" height=\"681\" src=\"https:\/\/bazaarhotel.al\/wp-content\/uploads\/2025\/08\/our-rooms.png\" class=\"attachment-full size-full wp-image-511\" alt=\"\" srcset=\"https:\/\/bazaarhotel.al\/wp-content\/uploads\/2025\/08\/our-rooms.png 551w, https:\/\/bazaarhotel.al\/wp-content\/uploads\/2025\/08\/our-rooms-243x300.png 243w, https:\/\/bazaarhotel.al\/wp-content\/uploads\/2025\/08\/our-rooms-10x12.png 10w\" sizes=\"(max-width: 551px) 100vw, 551px\" \/>\t\t\t\t\t\t\t\t\t\t\t\t\t\t\t<\/div>\n\t\t\t\t<\/div>\n\t\t\t\t\t<\/div>\n\t\t\t\t<\/div>\n\t\t<div class=\"elementor-element elementor-element-269a2ae e-flex e-con-boxed e-con e-parent\" data-id=\"269a2ae\" data-element_type=\"container\" data-e-type=\"container\">\n\t\t\t\t\t<div class=\"e-con-inner\">\n\t\t\t\t<div class=\"elementor-element elementor-element-c0c3e25 elementor-widget elementor-widget-shortcode\" data-id=\"c0c3e25\" data-element_type=\"widget\" data-e-type=\"widget\" data-widget_type=\"shortcode.default\">\n\t\t\t\t\t\t\t<div class=\"elementor-shortcode\">[booking_bar url=\"https:\/\/www.booking.com\/hotel\/al\/bazaar-tirane.html#availability_target\" button_text=\"Check Availability\"]\n<\/div>\n\t\t\t\t\t\t<\/div>\n\t\t\t\t\t<\/div>\n\t\t\t\t<\/div>\n\t\t<div class=\"elementor-element elementor-element-455c7d0 e-grid e-con-boxed e-con e-parent\" data-id=\"455c7d0\" data-element_type=\"container\" data-e-type=\"container\">\n\t\t\t\t\t<div class=\"e-con-inner\">\n\t\t<div class=\"elementor-element elementor-element-a07f90f e-flex e-con-boxed e-con e-child\" data-id=\"a07f90f\" data-element_type=\"container\" data-e-type=\"container\">\n\t\t\t\t\t<div class=\"e-con-inner\">\n\t\t\t\t<div class=\"elementor-element elementor-element-41206d4 elementor-widget elementor-widget-heading\" data-id=\"41206d4\" data-element_type=\"widget\" data-e-type=\"widget\" data-widget_type=\"heading.default\">\n\t\t\t\t\t<h2 class=\"elementor-heading-title elementor-size-default\">Triple room<\/h2>\t\t\t\t<\/div>\n\t\t\t\t<div class=\"elementor-element elementor-element-9d5154f elementor-widget elementor-widget-image\" data-id=\"9d5154f\" data-element_type=\"widget\" data-e-type=\"widget\" data-widget_type=\"image.default\">\n\t\t\t\t\t\t\t\t\t\t\t\t\t\t\t<img decoding=\"async\" width=\"443\" height=\"555\" src=\"https:\/\/bazaarhotel.al\/wp-content\/uploads\/2025\/08\/tripleroom.png\" class=\"attachment-full size-full wp-image-516\" alt=\"\" srcset=\"https:\/\/bazaarhotel.al\/wp-content\/uploads\/2025\/08\/tripleroom.png 443w, https:\/\/bazaarhotel.al\/wp-content\/uploads\/2025\/08\/tripleroom-239x300.png 239w, https:\/\/bazaarhotel.al\/wp-content\/uploads\/2025\/08\/tripleroom-10x12.png 10w\" sizes=\"(max-width: 443px) 100vw, 443px\" \/>\t\t\t\t\t\t\t\t\t\t\t\t\t\t\t<\/div>\n\t\t<div class=\"elementor-element elementor-element-44f73d3 e-con-full e-flex e-con e-child\" data-id=\"44f73d3\" data-element_type=\"container\" data-e-type=\"container\">\n\t\t\t\t<div class=\"elementor-element elementor-element-5dd6d30 elementor-widget elementor-widget-heading\" data-id=\"5dd6d30\" data-element_type=\"widget\" data-e-type=\"widget\" data-widget_type=\"heading.default\">\n\t\t\t\t\t<h2 class=\"elementor-heading-title elementor-size-default\">25 m\u00b2\/ Ballkon \/ 3 persona<\/h2>\t\t\t\t<\/div>\n\t\t\t\t<div class=\"elementor-element elementor-element-f53a2bd elementor-widget elementor-widget-text-editor\" data-id=\"f53a2bd\" data-element_type=\"widget\" data-e-type=\"widget\" data-widget_type=\"text-editor.default\">\n\t\t\t\t\t\t\t\t\t<p>Triple Room, ofron akomodim p\u00ebr 3 persona, me sip\u00ebrfaqe 25m2,me Ballkon dhe pamje nga Pazari i Ri i Tiran\u00ebs. Dhoma p\u00ebr 3 persona,  ofron hap\u00ebsir\u00ebn e ndnjtjes t\u00eb vecuar nga hap\u00ebsira e nat\u00ebs.<\/p>\t\t\t\t\t\t\t\t<\/div>\n\t\t\t\t<div class=\"elementor-element elementor-element-d54e34b elementor-align-center elementor-mobile-align-left elementor-widget elementor-widget-button\" data-id=\"d54e34b\" data-element_type=\"widget\" data-e-type=\"widget\" data-widget_type=\"button.default\">\n\t\t\t\t\t\t\t\t\t\t<a class=\"elementor-button elementor-button-link elementor-size-sm\" href=\"https:\/\/www.booking.com\/hotel\/al\/bazaar-tirane.html?aid=356980&#038;sid=5ee0859fac8ad6d642906f268e5c679d&#038;dest_id=-108649&#038;dest_type=city&#038;dist=0&#038;group_adults=2&#038;group_children=0&#038;hapos=1&#038;hpos=1&#038;no_rooms=1&#038;req_adults=2&#038;req_children=0&#038;room1=A%2CA&#038;sb_price_type=total&#038;sr_order=popularity&#038;srepoch=1755707435&#038;srpvid=a87e741377ac0941&#038;type=total&#038;ucfs=1&#038;\">\n\t\t\t\t\t\t<span class=\"elementor-button-content-wrapper\">\n\t\t\t\t\t\t\t\t\t<span class=\"elementor-button-text\">Rezervo Tani<\/span>\n\t\t\t\t\t<\/span>\n\t\t\t\t\t<\/a>\n\t\t\t\t\t\t\t\t<\/div>\n\t\t\t\t<\/div>\n\t\t\t\t\t<\/div>\n\t\t\t\t<\/div>\n\t\t<div class=\"elementor-element elementor-element-939f507 e-flex e-con-boxed e-con e-child\" data-id=\"939f507\" data-element_type=\"container\" data-e-type=\"container\">\n\t\t\t\t\t<div class=\"e-con-inner\">\n\t\t\t\t<div class=\"elementor-element elementor-element-da43217 elementor-widget elementor-widget-heading\" data-id=\"da43217\" data-element_type=\"widget\" data-e-type=\"widget\" data-widget_type=\"heading.default\">\n\t\t\t\t\t<h2 class=\"elementor-heading-title elementor-size-default\">Deluxe double room<\/h2>\t\t\t\t<\/div>\n\t\t\t\t<div class=\"elementor-element elementor-element-e192115 elementor-widget elementor-widget-image\" data-id=\"e192115\" data-element_type=\"widget\" data-e-type=\"widget\" data-widget_type=\"image.default\">\n\t\t\t\t\t\t\t\t\t\t\t\t\t\t\t<img decoding=\"async\" width=\"443\" height=\"556\" src=\"https:\/\/bazaarhotel.al\/wp-content\/uploads\/2025\/08\/deluxedoubleroom.png\" class=\"attachment-full size-full wp-image-515\" alt=\"\" srcset=\"https:\/\/bazaarhotel.al\/wp-content\/uploads\/2025\/08\/deluxedoubleroom.png 443w, https:\/\/bazaarhotel.al\/wp-content\/uploads\/2025\/08\/deluxedoubleroom-239x300.png 239w, https:\/\/bazaarhotel.al\/wp-content\/uploads\/2025\/08\/deluxedoubleroom-10x12.png 10w\" sizes=\"(max-width: 443px) 100vw, 443px\" \/>\t\t\t\t\t\t\t\t\t\t\t\t\t\t\t<\/div>\n\t\t<div class=\"elementor-element elementor-element-7564fc9 e-con-full e-flex e-con e-child\" data-id=\"7564fc9\" data-element_type=\"container\" data-e-type=\"container\">\n\t\t\t\t<div class=\"elementor-element elementor-element-0684c72 elementor-widget elementor-widget-heading\" data-id=\"0684c72\" data-element_type=\"widget\" data-e-type=\"widget\" data-widget_type=\"heading.default\">\n\t\t\t\t\t<h2 class=\"elementor-heading-title elementor-size-default\">23 m\u00b2\/ bALLKON \/ 2 Persona<\/h2>\t\t\t\t<\/div>\n\t\t\t\t<div class=\"elementor-element elementor-element-d5bf794 elementor-widget elementor-widget-text-editor\" data-id=\"d5bf794\" data-element_type=\"widget\" data-e-type=\"widget\" data-widget_type=\"text-editor.default\">\n\t\t\t\t\t\t\t\t\t<p>Deluxe Double Room, ofron akomodim p\u00ebr 2 persona, me sip\u00ebrfaqe 23m2, me Ballkon dhe pamje nga Pazari i Ri i Tiran\u00ebs. Dhoma ofron pamje t\u00eb orientuar nga Pazari i Ri i Tiran\u00ebs<\/p>\t\t\t\t\t\t\t\t<\/div>\n\t\t\t\t<div class=\"elementor-element elementor-element-7db7d87 elementor-align-center elementor-mobile-align-left elementor-widget elementor-widget-button\" data-id=\"7db7d87\" data-element_type=\"widget\" data-e-type=\"widget\" data-widget_type=\"button.default\">\n\t\t\t\t\t\t\t\t\t\t<a class=\"elementor-button elementor-button-link elementor-size-sm\" href=\"https:\/\/www.booking.com\/hotel\/al\/bazaar-tirane.html?aid=356980&#038;sid=5ee0859fac8ad6d642906f268e5c679d&#038;dest_id=-108649&#038;dest_type=city&#038;dist=0&#038;group_adults=2&#038;group_children=0&#038;hapos=1&#038;hpos=1&#038;no_rooms=1&#038;req_adults=2&#038;req_children=0&#038;room1=A%2CA&#038;sb_price_type=total&#038;sr_order=popularity&#038;srepoch=1755707435&#038;srpvid=a87e741377ac0941&#038;type=total&#038;ucfs=1&#038;\">\n\t\t\t\t\t\t<span class=\"elementor-button-content-wrapper\">\n\t\t\t\t\t\t\t\t\t<span class=\"elementor-button-text\">Rezervo Tani<\/span>\n\t\t\t\t\t<\/span>\n\t\t\t\t\t<\/a>\n\t\t\t\t\t\t\t\t<\/div>\n\t\t\t\t<\/div>\n\t\t\t\t\t<\/div>\n\t\t\t\t<\/div>\n\t\t<div class=\"elementor-element elementor-element-799a535 e-flex e-con-boxed e-con e-child\" data-id=\"799a535\" data-element_type=\"container\" data-e-type=\"container\">\n\t\t\t\t\t<div class=\"e-con-inner\">\n\t\t\t\t<div class=\"elementor-element elementor-element-ffc98ca elementor-widget elementor-widget-heading\" data-id=\"ffc98ca\" data-element_type=\"widget\" data-e-type=\"widget\" data-widget_type=\"heading.default\">\n\t\t\t\t\t<h2 class=\"elementor-heading-title elementor-size-default\">Standard Double room<\/h2>\t\t\t\t<\/div>\n\t\t\t\t<div class=\"elementor-element elementor-element-b912a07 elementor-widget elementor-widget-image\" data-id=\"b912a07\" data-element_type=\"widget\" data-e-type=\"widget\" data-widget_type=\"image.default\">\n\t\t\t\t\t\t\t\t\t\t\t\t\t\t\t<img loading=\"lazy\" decoding=\"async\" width=\"443\" height=\"555\" src=\"https:\/\/bazaarhotel.al\/wp-content\/uploads\/2025\/08\/standard.png\" class=\"attachment-full size-full wp-image-514\" alt=\"\" srcset=\"https:\/\/bazaarhotel.al\/wp-content\/uploads\/2025\/08\/standard.png 443w, https:\/\/bazaarhotel.al\/wp-content\/uploads\/2025\/08\/standard-239x300.png 239w, https:\/\/bazaarhotel.al\/wp-content\/uploads\/2025\/08\/standard-10x12.png 10w\" sizes=\"(max-width: 443px) 100vw, 443px\" \/>\t\t\t\t\t\t\t\t\t\t\t\t\t\t\t<\/div>\n\t\t<div class=\"elementor-element elementor-element-cb0cf11 e-con-full e-flex e-con e-child\" data-id=\"cb0cf11\" data-element_type=\"container\" data-e-type=\"container\">\n\t\t\t\t<div class=\"elementor-element elementor-element-5912a25 elementor-widget elementor-widget-heading\" data-id=\"5912a25\" data-element_type=\"widget\" data-e-type=\"widget\" data-widget_type=\"heading.default\">\n\t\t\t\t\t<h2 class=\"elementor-heading-title elementor-size-default\">20 m\u00b2\/ bAZAAR vIEW \/ 2 Persona<\/h2>\t\t\t\t<\/div>\n\t\t\t\t<div class=\"elementor-element elementor-element-45072fa elementor-widget elementor-widget-text-editor\" data-id=\"45072fa\" data-element_type=\"widget\" data-e-type=\"widget\" data-widget_type=\"text-editor.default\">\n\t\t\t\t\t\t\t\t\t<p>Kjo dhom\u00eb ofron akomodim p\u00ebr 2 persona, e orientuar me pamje nga Pazari i Ri i Tiran\u00ebs dhe ka nj\u00eb si\u00ebrfaqe prej 20m2.<\/p>\t\t\t\t\t\t\t\t<\/div>\n\t\t\t\t<div class=\"elementor-element elementor-element-fb7dcf3 elementor-align-center elementor-mobile-align-left elementor-widget elementor-widget-button\" data-id=\"fb7dcf3\" data-element_type=\"widget\" data-e-type=\"widget\" data-widget_type=\"button.default\">\n\t\t\t\t\t\t\t\t\t\t<a class=\"elementor-button elementor-button-link elementor-size-sm\" href=\"https:\/\/www.booking.com\/hotel\/al\/bazaar-tirane.html?aid=356980&#038;sid=5ee0859fac8ad6d642906f268e5c679d&#038;dest_id=-108649&#038;dest_type=city&#038;dist=0&#038;group_adults=2&#038;group_children=0&#038;hapos=1&#038;hpos=1&#038;no_rooms=1&#038;req_adults=2&#038;req_children=0&#038;room1=A%2CA&#038;sb_price_type=total&#038;sr_order=popularity&#038;srepoch=1755707435&#038;srpvid=a87e741377ac0941&#038;type=total&#038;ucfs=1&#038;\">\n\t\t\t\t\t\t<span class=\"elementor-button-content-wrapper\">\n\t\t\t\t\t\t\t\t\t<span class=\"elementor-button-text\">Rezervo Tani<\/span>\n\t\t\t\t\t<\/span>\n\t\t\t\t\t<\/a>\n\t\t\t\t\t\t\t\t<\/div>\n\t\t\t\t<\/div>\n\t\t\t\t\t<\/div>\n\t\t\t\t<\/div>\n\t\t<div class=\"elementor-element elementor-element-985ca10 e-flex e-con-boxed e-con e-child\" data-id=\"985ca10\" data-element_type=\"container\" data-e-type=\"container\">\n\t\t\t\t\t<div class=\"e-con-inner\">\n\t\t\t\t<div class=\"elementor-element elementor-element-fb69684 elementor-widget elementor-widget-heading\" data-id=\"fb69684\" data-element_type=\"widget\" data-e-type=\"widget\" data-widget_type=\"heading.default\">\n\t\t\t\t\t<h2 class=\"elementor-heading-title elementor-size-default\">Twin room<\/h2>\t\t\t\t<\/div>\n\t\t\t\t<div class=\"elementor-element elementor-element-c8b9075 elementor-widget elementor-widget-image\" data-id=\"c8b9075\" data-element_type=\"widget\" data-e-type=\"widget\" data-widget_type=\"image.default\">\n\t\t\t\t\t\t\t\t\t\t\t\t\t\t\t<img loading=\"lazy\" decoding=\"async\" width=\"438\" height=\"555\" src=\"https:\/\/bazaarhotel.al\/wp-content\/uploads\/2025\/08\/twin.png\" class=\"attachment-full size-full wp-image-513\" alt=\"\" srcset=\"https:\/\/bazaarhotel.al\/wp-content\/uploads\/2025\/08\/twin.png 438w, https:\/\/bazaarhotel.al\/wp-content\/uploads\/2025\/08\/twin-237x300.png 237w, https:\/\/bazaarhotel.al\/wp-content\/uploads\/2025\/08\/twin-9x12.png 9w\" sizes=\"(max-width: 438px) 100vw, 438px\" \/>\t\t\t\t\t\t\t\t\t\t\t\t\t\t\t<\/div>\n\t\t<div class=\"elementor-element elementor-element-e05991a e-con-full e-flex e-con e-child\" data-id=\"e05991a\" data-element_type=\"container\" data-e-type=\"container\">\n\t\t\t\t<div class=\"elementor-element elementor-element-0dc7464 elementor-widget elementor-widget-heading\" data-id=\"0dc7464\" data-element_type=\"widget\" data-e-type=\"widget\" data-widget_type=\"heading.default\">\n\t\t\t\t\t<h2 class=\"elementor-heading-title elementor-size-default\">20 m\u00b2 \/ 2 Persona<\/h2>\t\t\t\t<\/div>\n\t\t\t\t<div class=\"elementor-element elementor-element-fc10622 elementor-widget elementor-widget-text-editor\" data-id=\"fc10622\" data-element_type=\"widget\" data-e-type=\"widget\" data-widget_type=\"text-editor.default\">\n\t\t\t\t\t\t\t\t\t<p>Dhoma ofron akomodim p\u00ebr 2 persona dhe ka sip\u00ebrfaqe prej 20m2<\/p>\t\t\t\t\t\t\t\t<\/div>\n\t\t\t\t<div class=\"elementor-element elementor-element-d055687 elementor-align-center elementor-mobile-align-left elementor-widget elementor-widget-button\" data-id=\"d055687\" data-element_type=\"widget\" data-e-type=\"widget\" data-widget_type=\"button.default\">\n\t\t\t\t\t\t\t\t\t\t<a class=\"elementor-button elementor-button-link elementor-size-sm\" href=\"https:\/\/www.booking.com\/hotel\/al\/bazaar-tirane.html?aid=356980&#038;sid=5ee0859fac8ad6d642906f268e5c679d&#038;dest_id=-108649&#038;dest_type=city&#038;dist=0&#038;group_adults=2&#038;group_children=0&#038;hapos=1&#038;hpos=1&#038;no_rooms=1&#038;req_adults=2&#038;req_children=0&#038;room1=A%2CA&#038;sb_price_type=total&#038;sr_order=popularity&#038;srepoch=1755707435&#038;srpvid=a87e741377ac0941&#038;type=total&#038;ucfs=1&#038;\">\n\t\t\t\t\t\t<span class=\"elementor-button-content-wrapper\">\n\t\t\t\t\t\t\t\t\t<span class=\"elementor-button-text\">Rezervo Tani<\/span>\n\t\t\t\t\t<\/span>\n\t\t\t\t\t<\/a>\n\t\t\t\t\t\t\t\t<\/div>\n\t\t\t\t<\/div>\n\t\t\t\t\t<\/div>\n\t\t\t\t<\/div>\n\t\t\t\t\t<\/div>\n\t\t\t\t<\/div>\n\t\t\t\t<\/div>","protected":false},"excerpt":{"rendered":"<p>Details of the heartbeat. We envisioned bringing Albanian details into every corner of the building, creating a sense of home and a touch of patriotic spirit. [booking_bar url=&#8221;https:\/\/www.booking.com\/hotel\/al\/bazaar-tirane.html#availability_target&#8221; button_text=&#8221;Check Availability&#8221;] Triple room 25 m\u00b2\/ Balcony \/ 3 Guests Triple Room offers accommodation for 3 guests, with a size of 25m\u00b2, featuring a balcony and a [&hellip;]<\/p>","protected":false},"author":1,"featured_media":0,"parent":0,"menu_order":0,"comment_status":"closed","ping_status":"closed","template":"elementor_header_footer","meta":{"footnotes":""},"class_list":["post-220","page","type-page","status-publish","hentry"],"_links":{"self":[{"href":"https:\/\/bazaarhotel.al\/sq\/wp-json\/wp\/v2\/pages\/220","targetHints":{"allow":["GET"]}}],"collection":[{"href":"https:\/\/bazaarhotel.al\/sq\/wp-json\/wp\/v2\/pages"}],"about":[{"href":"https:\/\/bazaarhotel.al\/sq\/wp-json\/wp\/v2\/types\/page"}],"author":[{"embeddable":true,"href":"https:\/\/bazaarhotel.al\/sq\/wp-json\/wp\/v2\/users\/1"}],"replies":[{"embeddable":true,"href":"https:\/\/bazaarhotel.al\/sq\/wp-json\/wp\/v2\/comments?post=220"}],"version-history":[{"count":31,"href":"https:\/\/bazaarhotel.al\/sq\/wp-json\/wp\/v2\/pages\/220\/revisions"}],"predecessor-version":[{"id":770,"href":"https:\/\/bazaarhotel.al\/sq\/wp-json\/wp\/v2\/pages\/220\/revisions\/770"}],"wp:attachment":[{"href":"https:\/\/bazaarhotel.al\/sq\/wp-json\/wp\/v2\/media?parent=220"}],"curies":[{"name":"wp","href":"https:\/\/api.w.org\/{rel}","templated":true}]}}